{"id":249,"date":"2021-08-23T19:31:45","date_gmt":"2021-08-23T19:31:45","guid":{"rendered":"https:\/\/evaluateuragree-montreal.com\/contact\/"},"modified":"2021-09-01T23:29:28","modified_gmt":"2021-09-01T23:29:28","slug":"contact","status":"publish","type":"page","link":"https:\/\/evaluateuragree-montreal.com\/en\/contact\/","title":{"rendered":"Contact"},"content":{"rendered":"\n<h1>\n\t\tNous joindre\n\t<\/h1>\n\t\t<h3>\u00c9valuation experts<\/h3>\t\t\t\n\t\t\t\t<p>3055, boulevard Saint-Martin O, Suite T500<br \/>Laval, Qu\u00e9bec H7T 0J3<\/p>\n<h3>\n\t\t<a href=\"tel:+14383515555\" title=\"438 351-5555\" target=\"_self\" rel=\"noopener\">\n\t\t438 351-5555\n\t\t<\/a>\n\t<\/h3>\n\t\t<h3>Heures d&#8217;ouverture<\/h3>\t\t\t\n\t\t\t\t<p>Nos bureaux sont ouverts sur rendez-vous seulement. SVP appelez-nous avant de vous d\u00e9placer.<\/p>\n\t\t\t\t Lundi au vendredi\t\t\t\t\n\t\t\t\t 8h00 \u00e0 17h00\t\t\t\t\n\t\t\t\t Samedi | Dimanche\t\t\t\t\n\t\t\t\t Ferm\u00e9\t\t\t\t\n\t\t<h3>R\u00e9gions desservies<\/h3>\t\t\t\n\t\t\t\t<p>Nous desservons plusieurs r\u00e9gions incluant la grande r\u00e9gion m\u00e9tropolitaine, la rive-nord et la rive-sud de Montr\u00e9al. Informez-vous en nous demandant si on se d\u00e9place chez vous !<\/p>\n<p>Montr\u00e9al | Laval | Rive-Nord | Rive-Sud<\/p>\n\t\t<h3>Demande de soumission<\/h3>\t\t\t\n\t\t\t\t<p>Remplissez une demande de soumission en ligne d\u00e8s maintenant afin d&#8217;obtenir un devis GRATUIT et d\u00e9taill\u00e9 pour votre propri\u00e9t\u00e9.<\/p>\n\t\t\t<a href=\"https:\/\/evaluateuragree-montreal.com\/demande-soumission\/\" target=\"_self\" role=\"button\" rel=\"noopener\">\n\t\t\t\t\t\t\tDemande de soumission\n\t\t\t\t\t<\/a>\n\t<iframe src=\"https:\/\/www.google.com\/maps\/embed\/v1\/place?q=3055+boul.+Saint-Martin+O.%2C+Suite%3A+T500%0ALaval%2C+Qu%C3%A9bec+H7T+0J3&#038;key=AIzaSyD09zQ9PNDNNy9TadMuzRV_UsPUoWKntt8\" aria-hidden=\"true\"><\/iframe>\n\t\t<h2>\u00c9valuation Experts<\/h2><h1>Possibilit\u00e9s de carri\u00e8re<\/h1>\t\t\t\n\t\t\t\t<p>Nous sommes une entreprise dynamique et rigoureuse toujours \u00e0 la recherche des meilleurs talents dans le domaine de l&#8217;\u00e9valuation immobili\u00e8re. Ici, chez \u00c9valuation Experts nous favorisons les coll\u00e8gues de travail avec un sens de l&#8217;autonomie, d&#8217;initiative, de rigueur et de passion pour le march\u00e9 immobilier.<\/p>\n<p>Int\u00e9ress\u00e9 ? Remplissez une application en ligne d\u00e8s aujourd&#8217;hui.<\/p>\n\t\t\t<a href=\"https:\/\/evaluateuragree-montreal.com\/carriere\/\" target=\"_self\" role=\"button\" aria-label=\"Application en ligne\" rel=\"noopener\">\n\t\t\t\t\t\t\tApplication en ligne\n\t\t<\/a>\n\n","protected":false},"excerpt":{"rendered":"<p>Nous joindre \u00c9valuation experts 3055, boulevard Saint-Martin O, Suite T500Laval, Qu\u00e9bec H7T 0J3 438 351-5555 Heures d&#8217;ouverture Nos bureaux sont ouverts sur rendez-vous seulement. SVP appelez-nous avant de vous d\u00e9placer. Lundi au vendredi 8h00 \u00e0 17h00 Samedi | Dimanche Ferm\u00e9 R\u00e9gions desservies Nous desservons plusieurs r\u00e9gions incluant la grande r\u00e9gion m\u00e9tropolitaine, la rive-nord et la &hellip;<\/p>\n<p class=\"read-more\"> <a class=\"\" href=\"https:\/\/evaluateuragree-montreal.com\/en\/contact\/\"> <span class=\"screen-reader-text\">Contact<\/span> Read More &raquo;<\/a><\/p>\n","protected":false},"author":1,"featured_media":0,"parent":0,"menu_order":0,"comment_status":"closed","ping_status":"closed","template":"","meta":{"site-sidebar-layout":"default","site-content-layout":"default","ast-global-header-display":"","ast-main-header-display":"","ast-hfb-above-header-display":"","ast-hfb-below-header-display":"","ast-hfb-mobile-header-display":"","site-post-title":"disabled","ast-breadcrumbs-content":"","ast-featured-img":"","footer-sml-layout":"","theme-transparent-header-meta":"default","adv-header-id-meta":"","stick-header-meta":"default","header-above-stick-meta":"","header-main-stick-meta":"","header-below-stick-meta":"","footnotes":""},"class_list":["post-249","page","type-page","status-publish","hentry"],"_links":{"self":[{"href":"https:\/\/evaluateuragree-montreal.com\/en\/wp-json\/wp\/v2\/pages\/249","targetHints":{"allow":["GET"]}}],"collection":[{"href":"https:\/\/evaluateuragree-montreal.com\/en\/wp-json\/wp\/v2\/pages"}],"about":[{"href":"https:\/\/evaluateuragree-montreal.com\/en\/wp-json\/wp\/v2\/types\/page"}],"author":[{"embeddable":true,"href":"https:\/\/evaluateuragree-montreal.com\/en\/wp-json\/wp\/v2\/users\/1"}],"replies":[{"embeddable":true,"href":"https:\/\/evaluateuragree-montreal.com\/en\/wp-json\/wp\/v2\/comments?post=249"}],"version-history":[{"count":7,"href":"https:\/\/evaluateuragree-montreal.com\/en\/wp-json\/wp\/v2\/pages\/249\/revisions"}],"predecessor-version":[{"id":288,"href":"https:\/\/evaluateuragree-montreal.com\/en\/wp-json\/wp\/v2\/pages\/249\/revisions\/288"}],"wp:attachment":[{"href":"https:\/\/evaluateuragree-montreal.com\/en\/wp-json\/wp\/v2\/media?parent=249"}],"curies":[{"name":"wp","href":"https:\/\/api.w.org\/{rel}","templated":true}]}}