{"id":240,"date":"2021-08-23T19:31:32","date_gmt":"2021-08-23T19:31:32","guid":{"rendered":"https:\/\/evaluateuragree-montreal.com\/a-propos\/"},"modified":"2021-09-15T18:30:04","modified_gmt":"2021-09-15T18:30:04","slug":"about-us","status":"publish","type":"page","link":"https:\/\/evaluateuragree-montreal.com\/en\/about-us\/","title":{"rendered":"About us"},"content":{"rendered":"\n<h1>\n\t\tAbout us\n\t<\/h1>\n<h2>\n\t\tEvaluation Experts\n\t<\/h2>\n\t<p>Buying a building is one of the most important transactions of your life. In order to obtain a fair and objective opinion on the market value of a property, it is important to trust an appraiser recognized by the <em>Ordre des \u00e9valuateurs agr\u00e9\u00e9s du Qu\u00e9bec<\/em>.<\/p>\n\t<p>Our charted appraisers are subject to the standards and practices of the <em>Ordre des \u00c9valuateurs Agr\u00e9\u00e9s du Qu\u00e9bec<\/em>. Our mandate, as an appraiser member of the OEAQ, is to formulate a reasoned, reliable and impartial opinion of your property value while respecting the mission of the OEAQ, which is to protect the public interest by guaranteeing the quality of the professional acts performed by its members.<\/p>\n\t<p>We offer the full range of professional real estate appraisal services in the greater Montreal metropolitan area. Our database includes the majority of transactions which allows us to do a complete analysis of the real estate market according to your type of property, in order to determine its market value.<\/p>\n\t<p>We are able to provide you with all the necessary tools, in a reliable way to guide and enlighten you in your decision-making process and your needs in real estate valuation. Our firm stands out for its thoroughness, personalized service, customer experience and excellent value for money.<\/p>\n\t\t\t\t<img decoding=\"async\" src=\"https:\/\/evaluateuragree-montreal.com\/wp-content\/uploads\/2021\/08\/favicon-2021-evalutaion-experts.png\" alt=\"favicon-2021-evalutaion-experts\" title=\"favicon-2021-evalutaion-experts\" itemprop=\"image\"\/>\n\t\t<h2>Real estate appraisal service<\/h2><h3>Types of properties | Objective | Process<\/h3>\t\t\t\n\t\t\t\t<p>We are able to offer you an expert real estate appraisal service for several types of properties. We will guide you through your goals and the different reasons for a real estate appraisal. Our assessment process will allow us to provide you with a personalized and reliable assessment report.<\/p>\n\t\t\t<a href=\"https:\/\/evaluateuragree-montreal.com\/en\/services\/\" target=\"_self\" role=\"button\" aria-label=\"Know more\" rel=\"noopener\">\n\t\t\t\t\t\t\tKnow more\n\t\t<\/a>\n\t\t\t\t<img decoding=\"async\" src=\"https:\/\/evaluateuragree-montreal.com\/wp-content\/uploads\/2021\/08\/logo-ea-diagonal-blanc-evaluation-experts.png\" alt=\"logo-ea-diagonal-blanc-evaluation-experts\" title=\"logo-ea-diagonal-blanc-evaluation-experts\" itemprop=\"image\"  \/>\n<h2>\n\t\tProud member of the OEAQ\n\t<\/h2>\n\t\t<h1>Need information ?<\/h1>\n\t\t\t\t<p>For any questions regarding Evaluation Experts and its services, please contact us by phone or email. Refer to our Contact page for full details on how to reach us easily.<\/p>\n\t\t\t<a href=\"https:\/\/evaluateuragree-montreal.com\/en\/contact\/\" target=\"_self\" role=\"button\" aria-label=\"Contact\" rel=\"noopener\">\n\t\t\t\t\t\t\tContact\n\t\t<\/a>\n\t\t\t\t<img decoding=\"async\" src=\"https:\/\/evaluateuragree-montreal.com\/wp-content\/uploads\/2021\/08\/favicon-2021-evalutaion-experts.png\" alt=\"favicon-2021-evalutaion-experts\" title=\"favicon-2021-evalutaion-experts\" itemprop=\"image\"  \/>\n<h5>\n\t\tEvaluation Experts\n\t<\/h5>\n\tWe are open by appointment only.<br \/>\nPlease call us before you come.\n3055, boulevard Saint-Martin O, Suite T500<br \/>\nLaval, Quebec H7T 0J3\n<h3>\n\t\t<a href=\"tel:+14383515555\" title=\"438 351-5555\" target=\"_self\" rel=\"noopener\">\n\t\t438 351-5555\n\t\t<\/a>\n\t<\/h3>\n<h5>\n\t\tSocial Medias\n\t<\/h5>\n\t<p>For more information on Evaluation Experts and its services, stay connected with us on the various social networks. Take the opportunity to like our pages and leave your comments.<\/p>\nYou have questions ?<br \/>\nYou can also write to us by email or call us.\n<h5>\n\t\tRegions served\n\t<\/h5>\n\t<p>We serve most of the municipalities located in the greater Montreal area. Find out if we come to yours.<\/p>\n<h5>\n\t\tSite Plan\n\t<\/h5>\n\t\t\t\t\t<ul id=\"menu-main-menu\"><li id=\"menu-item-253\"><a href=\"https:\/\/evaluateuragree-montreal.com\/en\/\">Home<\/a><\/li>\n<li id=\"menu-item-254\"><a href=\"https:\/\/evaluateuragree-montreal.com\/en\/about-us\/\">About us<\/a><\/li>\n<li id=\"menu-item-258\"><a href=\"https:\/\/evaluateuragree-montreal.com\/en\/services\/\">Services<\/a><\/li>\n<li id=\"menu-item-255\"><a href=\"https:\/\/evaluateuragree-montreal.com\/en\/career\/\">Career<\/a><\/li>\n<li id=\"menu-item-256\"><a href=\"https:\/\/evaluateuragree-montreal.com\/en\/contact\/\">Contact<\/a>\n<ul>\n\t<li id=\"menu-item-259\"><a href=\"https:\/\/evaluateuragree-montreal.com\/en\/contact\/\">Contact us<\/a><\/li>\n\t<li id=\"menu-item-257\"><a href=\"https:\/\/evaluateuragree-montreal.com\/en\/quote-request\/\">Quote Request<\/a><\/li>\n<\/ul>\n<\/li>\n<li id=\"menu-item-wpml-ls-2-fr\"><a title=\"FR\" href=\"https:\/\/evaluateuragree-montreal.com\/a-propos\/\">FR<\/a><\/li>\n<\/ul>\t\n\t\n","protected":false},"excerpt":{"rendered":"<p>About us Evaluation Experts Buying a building is one of the most important transactions of your life. In order to obtain a fair and objective opinion on the market value of a property, it is important to trust an appraiser recognized by the Ordre des \u00e9valuateurs agr\u00e9\u00e9s du Qu\u00e9bec. Our charted appraisers are subject to &hellip;<\/p>\n<p class=\"read-more\"> <a class=\"\" href=\"https:\/\/evaluateuragree-montreal.com\/en\/about-us\/\"> <span class=\"screen-reader-text\">About us<\/span> Read More &raquo;<\/a><\/p>\n","protected":false},"author":1,"featured_media":0,"parent":0,"menu_order":0,"comment_status":"closed","ping_status":"closed","template":"","meta":{"site-sidebar-layout":"default","site-content-layout":"default","ast-global-header-display":"","ast-main-header-display":"","ast-hfb-above-header-display":"","ast-hfb-below-header-display":"","ast-hfb-mobile-header-display":"","site-post-title":"disabled","ast-breadcrumbs-content":"","ast-featured-img":"","footer-sml-layout":"","theme-transparent-header-meta":"default","adv-header-id-meta":"","stick-header-meta":"default","header-above-stick-meta":"","header-main-stick-meta":"","header-below-stick-meta":"","footnotes":""},"class_list":["post-240","page","type-page","status-publish","hentry"],"_links":{"self":[{"href":"https:\/\/evaluateuragree-montreal.com\/en\/wp-json\/wp\/v2\/pages\/240","targetHints":{"allow":["GET"]}}],"collection":[{"href":"https:\/\/evaluateuragree-montreal.com\/en\/wp-json\/wp\/v2\/pages"}],"about":[{"href":"https:\/\/evaluateuragree-montreal.com\/en\/wp-json\/wp\/v2\/types\/page"}],"author":[{"embeddable":true,"href":"https:\/\/evaluateuragree-montreal.com\/en\/wp-json\/wp\/v2\/users\/1"}],"replies":[{"embeddable":true,"href":"https:\/\/evaluateuragree-montreal.com\/en\/wp-json\/wp\/v2\/comments?post=240"}],"version-history":[{"count":5,"href":"https:\/\/evaluateuragree-montreal.com\/en\/wp-json\/wp\/v2\/pages\/240\/revisions"}],"predecessor-version":[{"id":291,"href":"https:\/\/evaluateuragree-montreal.com\/en\/wp-json\/wp\/v2\/pages\/240\/revisions\/291"}],"wp:attachment":[{"href":"https:\/\/evaluateuragree-montreal.com\/en\/wp-json\/wp\/v2\/media?parent=240"}],"curies":[{"name":"wp","href":"https:\/\/api.w.org\/{rel}","templated":true}]}}